{"id":39836,"date":"2022-12-14T00:03:04","date_gmt":"2022-12-14T00:03:04","guid":{"rendered":"https:\/\/dgexp.de\/?page_id=39836"},"modified":"2022-12-14T19:33:42","modified_gmt":"2022-12-14T19:33:42","slug":"haftungsausschluss-fur-partner","status":"publish","type":"page","link":"https:\/\/dgexp.de\/de\/haftungsausschluss-fur-partner\/","title":{"rendered":"Haftungsausschluss f\u00fcr Partner"},"content":{"rendered":"<p>DGEXP ist eine Einkaufs- und Informationsplattform, die Links zu anderen Einzelh\u00e4ndlern enth\u00e4lt. Wenn m\u00f6glich, handelt es sich bei diesen Links um Affiliate-Links, bei denen der Einzelh\u00e4ndler eine Verg\u00fctung f\u00fcr jeden Besucher dieser Seite erh\u00e4lt, der einen Kauf t\u00e4tigt. Dies hat keinen Einfluss auf deine Erfahrung oder die Kosten der Produkte, sondern hilft uns, dir diesen Service kostenlos anzubieten, ohne Werbung zeigen zu m\u00fcssen.<\/p>\n\n\n\n<p><strong>DGEXP nimmt an den folgenden Affiliate-Netzwerken teil.<\/strong><\/p>\n\n\n\n<ul class=\"wp-block-list\">\n<li><a href=\"https:\/\/www.admitad.com\/en\/\" target=\"_blank\" rel=\"noreferrer noopener nofollow\">Admitad<\/a><\/li>\n\n\n\n<li><a href=\"https:\/\/www.cj.com\/\" target=\"_blank\" rel=\"noreferrer noopener nofollow\">Kommission Junction<\/a><\/li>\n\n\n\n<li><a href=\"https:\/\/affiliate-program.amazon.de\/home\" data-type=\"URL\" data-id=\"https:\/\/affiliate-program.amazon.de\/home\" target=\"_blank\" rel=\"noreferrer noopener nofollow\">Amazon Associates<\/a><\/li>\n<\/ul>\n\n\n\n<h3 class=\"wp-block-heading\" id=\"amazon-affiliate-disclosure\">Amazon Affiliate Offenlegung<\/h3>\n\n\n\n<p>DGEXP ist Teilnehmer des Amazon Services LLC Associates Program, einem Partnerwerbeprogramm, das zur Bereitstellung eines Mediums f\u00fcr Websites konzipiert wurde, mittels dessen durch die Platzierung von Werbeanzeigen und Links zu Amazon.de Werbekostenerstattungen verdient werden k\u00f6nnen.<\/p>","protected":false},"excerpt":{"rendered":"<p>DGEXP ist eine Einkaufs- und Informationsplattform, die Links zu anderen Einzelh\u00e4ndlern anbietet. Wenn m\u00f6glich, handelt es sich bei diesen Links um Partnerlinks, bei denen der Einzelh\u00e4ndler eine Verg\u00fctung f\u00fcr jeden Besucher dieser Seite erh\u00e4lt, der einen Kauf t\u00e4tigt. Dies hat keinen Einfluss auf deine Erfahrung oder die Kosten der Produkte, sondern hilft uns, diesen Service f\u00fcr [...]<\/p>","protected":false},"author":1,"featured_media":0,"parent":0,"menu_order":0,"comment_status":"closed","ping_status":"closed","template":"","meta":{"_gspb_post_css":"","footnotes":""},"class_list":["post-39836","page","type-page","status-publish","hentry"],"_links":{"self":[{"href":"https:\/\/dgexp.de\/de\/wp-json\/wp\/v2\/pages\/39836","targetHints":{"allow":["GET"]}}],"collection":[{"href":"https:\/\/dgexp.de\/de\/wp-json\/wp\/v2\/pages"}],"about":[{"href":"https:\/\/dgexp.de\/de\/wp-json\/wp\/v2\/types\/page"}],"author":[{"embeddable":true,"href":"https:\/\/dgexp.de\/de\/wp-json\/wp\/v2\/users\/1"}],"replies":[{"embeddable":true,"href":"https:\/\/dgexp.de\/de\/wp-json\/wp\/v2\/comments?post=39836"}],"version-history":[{"count":0,"href":"https:\/\/dgexp.de\/de\/wp-json\/wp\/v2\/pages\/39836\/revisions"}],"wp:attachment":[{"href":"https:\/\/dgexp.de\/de\/wp-json\/wp\/v2\/media?parent=39836"}],"curies":[{"name":"wp","href":"https:\/\/api.w.org\/{rel}","templated":true}]}}