{"id":39825,"date":"2022-12-13T18:53:53","date_gmt":"2022-12-13T18:53:53","guid":{"rendered":"https:\/\/dgexp.de\/privacy-center\/terms-and-conditions\/"},"modified":"2022-12-13T23:57:37","modified_gmt":"2022-12-13T23:57:37","slug":"bedingungen-und-konditionen","status":"publish","type":"page","link":"https:\/\/dgexp.de\/de\/datenschutzzentrum\/bedingungen-und-konditionen\/","title":{"rendered":"Bedingungen und Konditionen"},"content":{"rendered":"<h2>\u00dcbersicht<\/h2>\n<p>Diese Website wird von DGEXP betrieben. Auf der gesamten Website beziehen sich die Begriffe \"wir\", \"uns\" und \"unser\" auf DGEXP. DGEXP bietet diese Website, einschlie\u00dflich aller Informationen, Tools und Dienstleistungen, die auf dieser Website verf\u00fcgbar sind, f\u00fcr dich, den Nutzer, unter der Bedingung an, dass du alle hier angegebenen Bedingungen, Konditionen, Richtlinien und Hinweise akzeptierst.<\/p>\n<p>Wenn du unsere Website besuchst und\/oder etwas bei uns kaufst, nimmst du unseren \"Service\" in Anspruch und erkl\u00e4rst dich mit den folgenden Bedingungen (\"Allgemeine Gesch\u00e4ftsbedingungen\", \"Bedingungen\") einverstanden, einschlie\u00dflich der zus\u00e4tzlichen Bedingungen und Richtlinien, auf die hier verwiesen wird und\/oder die \u00fcber einen Hyperlink verf\u00fcgbar sind. Diese Bedingungen gelten f\u00fcr alle Nutzer\/innen der Website, einschlie\u00dflich, aber nicht beschr\u00e4nkt auf Nutzer\/innen, die Browser, Verk\u00e4ufer\/innen, Kund\/innen, H\u00e4ndler\/innen und\/oder Verfasser\/innen von Inhalten sind.<\/p>\n<p>Bitte lies diese Allgemeinen Gesch\u00e4ftsbedingungen sorgf\u00e4ltig durch, bevor du unsere Website aufrufst oder nutzt. Indem du auf die Website zugreifst oder sie in irgendeiner Form nutzt, erkl\u00e4rst du dich mit diesen Bedingungen und Konditionen einverstanden. Wenn du nicht mit allen Bedingungen dieser Vereinbarung einverstanden bist, darfst du nicht auf die Website zugreifen und keine Dienste nutzen. Wenn diese Allgemeinen Gesch\u00e4ftsbedingungen als ein Angebot betrachtet werden, ist die Annahme ausdr\u00fccklich auf diese Bedingungen beschr\u00e4nkt.<\/p>\n<p>Alle neuen Funktionen oder Tools, die dem aktuellen Store hinzugef\u00fcgt werden, unterliegen ebenfalls den Allgemeinen Gesch\u00e4ftsbedingungen. Du kannst die aktuellste Version der Allgemeinen Gesch\u00e4ftsbedingungen jederzeit auf dieser Seite einsehen. Wir behalten uns das Recht vor, jeden Teil dieser Gesch\u00e4ftsbedingungen zu aktualisieren, zu \u00e4ndern oder zu ersetzen, indem wir Updates und\/oder \u00c4nderungen auf unserer Website ver\u00f6ffentlichen. Es liegt in deiner Verantwortung, diese Seite regelm\u00e4\u00dfig auf \u00c4nderungen zu \u00fcberpr\u00fcfen. Wenn du die Website nach der Ver\u00f6ffentlichung von \u00c4nderungen weiterhin nutzt oder darauf zugreifst, erkl\u00e4rst du dich mit diesen \u00c4nderungen einverstanden.<\/p>\n<h2>Online-Shop Bedingungen<\/h2>\n<p>Indem du diesen Gesch\u00e4ftsbedingungen zustimmst, versicherst du, dass du in deinem Wohnsitzstaat oder deiner Wohnsitzprovinz mindestens vollj\u00e4hrig bist oder dass du in deinem Wohnsitzstaat oder deiner Wohnsitzprovinz vollj\u00e4hrig bist und uns dein Einverst\u00e4ndnis gegeben hast, dass deine minderj\u00e4hrigen Angeh\u00f6rigen diese Website nutzen d\u00fcrfen.<\/p>\n<p>Du darfst unsere Produkte nicht f\u00fcr illegale oder unbefugte Zwecke nutzen und du darfst bei der Nutzung des Dienstes nicht gegen Gesetze in deinem Land versto\u00dfen (einschlie\u00dflich, aber nicht beschr\u00e4nkt auf Urheberrechtsgesetze).<\/p>\n<p>Du darfst keine W\u00fcrmer oder Viren oder anderen Code zerst\u00f6rerischer Natur \u00fcbertragen.<\/p>\n<p>Ein Versto\u00df gegen eine der Bedingungen f\u00fchrt zu einer sofortigen Beendigung deiner Dienste.<\/p>\n<h2>Allgemeine Bedingungen<\/h2>\n<p>Wir behalten uns das Recht vor, jederzeit und aus jedem Grund den Dienst zu verweigern.<\/p>\n<p>Du nimmst zur Kenntnis, dass deine Inhalte (mit Ausnahme der Kreditkartendaten) unverschl\u00fcsselt \u00fcbertragen werden k\u00f6nnen und (a) \u00dcbertragungen \u00fcber verschiedene Netzwerke und (b) \u00c4nderungen zur Anpassung an die technischen Anforderungen der verbindenden Netzwerke oder Ger\u00e4te beinhalten. Kreditkarteninformationen werden bei der \u00dcbertragung \u00fcber Netzwerke immer verschl\u00fcsselt.<\/p>\n<p>Du erkl\u00e4rst dich damit einverstanden, keinen Teil des Dienstes, die Nutzung des Dienstes oder den Zugriff auf den Dienst oder einen Kontakt auf der Website, \u00fcber die der Dienst bereitgestellt wird, ohne unsere ausdr\u00fcckliche schriftliche Genehmigung zu reproduzieren, zu duplizieren, zu kopieren, zu verkaufen, weiterzuverkaufen oder zu verwerten.<\/p>\n<p>Die in dieser Vereinbarung verwendeten \u00dcberschriften dienen nur der \u00dcbersichtlichkeit und schr\u00e4nken diese Bedingungen weder ein noch beeinflussen sie sie anderweitig.<\/p>\n<h2>Genauigkeit, Vollst\u00e4ndigkeit und Aktualit\u00e4t der Informationen<\/h2>\n<p>Wir sind nicht daf\u00fcr verantwortlich, wenn die auf dieser Website zur Verf\u00fcgung gestellten Informationen nicht richtig, vollst\u00e4ndig oder aktuell sind. Das Material auf dieser Website dient nur der allgemeinen Information und sollte nicht als alleinige Grundlage f\u00fcr Entscheidungen herangezogen werden, ohne prim\u00e4re, genauere, vollst\u00e4ndigere oder aktuellere Informationsquellen zu konsultieren. Jegliches Vertrauen in das Material auf dieser Website geschieht auf eigene Gefahr.<\/p>\n<p>Diese Website kann bestimmte historische Informationen enthalten. Historische Informationen sind notwendigerweise nicht aktuell und werden nur zu deiner Information bereitgestellt. Wir behalten uns das Recht vor, den Inhalt dieser Website jederzeit zu \u00e4ndern, sind aber nicht verpflichtet, die Informationen auf unserer Website zu aktualisieren. Du erkl\u00e4rst dich damit einverstanden, dass es in deiner Verantwortung liegt, \u00c4nderungen auf unserer Seite zu verfolgen.<\/p>\n<h2>\u00c4nderungen am Service und an den Preisen<\/h2>\n<p>Die Preise f\u00fcr unsere Produkte k\u00f6nnen ohne vorherige Ank\u00fcndigung ge\u00e4ndert werden.<\/p>\n<p>Wir behalten uns das Recht vor, den Dienst (oder Teile oder Inhalte davon) jederzeit und ohne Vorank\u00fcndigung zu \u00e4ndern oder einzustellen.<\/p>\n<p>Wir haften dir oder Dritten gegen\u00fcber nicht f\u00fcr \u00c4nderungen, Preis\u00e4nderungen, Aussetzungen oder die Einstellung des Dienstes.<\/p>\n<h2>Produkte oder Dienstleistungen<\/h2>\n<p>Bestimmte Produkte oder Dienstleistungen k\u00f6nnen ausschlie\u00dflich online \u00fcber die Website erh\u00e4ltlich sein. Diese Produkte oder Dienstleistungen sind m\u00f6glicherweise nur in begrenzten Mengen verf\u00fcgbar und k\u00f6nnen nur gem\u00e4\u00df unseren R\u00fcckgabebedingungen zur\u00fcckgegeben oder umgetauscht werden.<\/p>\n<p>Wir haben uns bem\u00fcht, die Farben und Bilder unserer Produkte, die im Laden erscheinen, so genau wie m\u00f6glich darzustellen. Wir k\u00f6nnen nicht garantieren, dass die Farben auf deinem Computerbildschirm richtig dargestellt werden.<\/p>\n<p>Wir behalten uns das Recht vor, sind aber nicht verpflichtet, den Verkauf unserer Produkte oder Dienstleistungen auf eine Person, geografische Region oder Gerichtsbarkeit zu beschr\u00e4nken. Wir k\u00f6nnen dieses Recht von Fall zu Fall aus\u00fcben. Wir behalten uns das Recht vor, die Mengen der von uns angebotenen Produkte oder Dienstleistungen zu begrenzen. Alle Produktbeschreibungen oder Produktpreise k\u00f6nnen jederzeit ohne Vorank\u00fcndigung und nach unserem alleinigen Ermessen ge\u00e4ndert werden. Wir behalten uns das Recht vor, jedes Produkt jederzeit einzustellen. Jedes Angebot f\u00fcr ein Produkt oder eine Dienstleistung, das auf dieser Website gemacht wird, ist dort ung\u00fcltig, wo es verboten ist.<\/p>\n<p>Wir \u00fcbernehmen keine Garantie daf\u00fcr, dass die Qualit\u00e4t der von dir gekauften oder erhaltenen Produkte, Dienstleistungen, Informationen oder anderen Materialien deinen Erwartungen entspricht oder dass Fehler im Dienst korrigiert werden.<\/p>\n<h2>Genauigkeit der Abrechnungs- und Kontoinformationen<\/h2>\n<p>Wir behalten uns das Recht vor, jede Bestellung abzulehnen, die du bei uns aufgibst. Wir k\u00f6nnen nach eigenem Ermessen die Kaufmengen pro Person, pro Haushalt oder pro Bestellung begrenzen oder stornieren. Diese Beschr\u00e4nkungen k\u00f6nnen sich auch auf Bestellungen beziehen, die von demselben Kundenkonto oder mit derselben Kreditkarte aufgegeben wurden, und\/oder auf Bestellungen, die dieselbe Rechnungs- und\/oder Lieferadresse verwenden. Falls wir eine Bestellung \u00e4ndern oder stornieren, werden wir versuchen, dich \u00fcber die bei der Bestellung angegebene E-Mail-Adresse und\/oder Rechnungsadresse\/Telefonnummer zu benachrichtigen. Wir behalten uns das Recht vor, Bestellungen einzuschr\u00e4nken oder zu verbieten, die nach unserem alleinigen Urteil von H\u00e4ndlern, Wiederverk\u00e4ufern oder Distributoren aufgegeben wurden.<\/p>\n<p>Du erkl\u00e4rst dich damit einverstanden, aktuelle, vollst\u00e4ndige und korrekte Kauf- und Kontoinformationen f\u00fcr alle in unserem Laden get\u00e4tigten Eink\u00e4ufe anzugeben. Du erkl\u00e4rst dich damit einverstanden, dein Konto und andere Informationen, einschlie\u00dflich deiner E-Mail-Adresse und deiner Kreditkartennummer und deren Ablaufdatum, umgehend zu aktualisieren, damit wir deine Transaktionen abschlie\u00dfen und dich bei Bedarf kontaktieren k\u00f6nnen.<\/p>\n<p>Weitere Informationen findest du in unseren R\u00fcckgabebedingungen.<\/p>\n<h2>Optionale Werkzeuge<\/h2>\n<p>Wir k\u00f6nnen dir den Zugang zu Tools von Drittanbietern erm\u00f6glichen, die wir weder \u00fcberwachen noch kontrollieren oder beeinflussen k\u00f6nnen.<\/p>\n<p>Du nimmst zur Kenntnis und erkl\u00e4rst dich damit einverstanden, dass wir den Zugang zu diesen Tools \"wie besehen\" und \"wie verf\u00fcgbar\" ohne jegliche Garantien, Zusicherungen oder Bedingungen und ohne jegliche Billigung zur Verf\u00fcgung stellen. Wir \u00fcbernehmen keinerlei Haftung, die sich aus der Nutzung optionaler Tools Dritter ergibt oder damit zusammenh\u00e4ngt.<\/p>\n<p>Die Nutzung von optionalen Tools, die \u00fcber die Website angeboten werden, erfolgt auf eigene Gefahr und nach eigenem Ermessen. Du solltest sicherstellen, dass du die Bedingungen, zu denen die Tools von den jeweiligen Drittanbietern bereitgestellt werden, kennst und akzeptierst.<\/p>\n<p>Wir k\u00f6nnen in Zukunft auch neue Dienste und\/oder Funktionen \u00fcber die Website anbieten (einschlie\u00dflich der Ver\u00f6ffentlichung neuer Tools und Ressourcen). Solche neuen Funktionen und\/oder Dienste unterliegen ebenfalls diesen Allgemeinen Gesch\u00e4ftsbedingungen.<\/p>\n<h2>Links von Drittanbietern<\/h2>\n<p>Bestimmte Inhalte, Produkte und Dienstleistungen, die \u00fcber unseren Dienst verf\u00fcgbar sind, k\u00f6nnen Materialien von Dritten enthalten.<\/p>\n<p>Links von Dritten auf dieser Website k\u00f6nnen dich zu Websites von Dritten f\u00fchren, die nicht mit uns verbunden sind. Wir sind nicht daf\u00fcr verantwortlich, den Inhalt oder die Richtigkeit zu pr\u00fcfen oder zu bewerten, und wir \u00fcbernehmen keine Garantie, Haftung oder Verantwortung f\u00fcr Materialien oder Websites Dritter oder f\u00fcr andere Materialien, Produkte oder Dienstleistungen Dritter.<\/p>\n<p>Wir haften nicht f\u00fcr Sch\u00e4den, die im Zusammenhang mit dem Kauf oder der Nutzung von Waren, Dienstleistungen, Ressourcen, Inhalten oder anderen Transaktionen in Verbindung mit Websites Dritter entstehen. Bitte \u00fcberpr\u00fcfe die Richtlinien und Praktiken der Drittanbieter sorgf\u00e4ltig und vergewissere dich, dass du sie verstehst, bevor du eine Transaktion durchf\u00fchrst. Beschwerden, Anspr\u00fcche, Bedenken oder Fragen zu Produkten Dritter sollten an den jeweiligen Dritten gerichtet werden.<\/p>\n<h2>Benutzerkommentare, Feedback und andere Beitr\u00e4ge<\/h2>\n<p>Wenn du auf unsere Aufforderung hin bestimmte Beitr\u00e4ge (z. B. Wettbewerbsbeitr\u00e4ge) oder ohne unsere Aufforderung kreative Ideen, Anregungen, Vorschl\u00e4ge, Pl\u00e4ne oder andere Materialien online, per E-Mail, per Post oder auf andere Weise (zusammenfassend als \"Kommentare\" bezeichnet) einsendest, erkl\u00e4rst du dich damit einverstanden, dass wir Kommentare, die du uns \u00fcbermittelst, jederzeit und ohne Einschr\u00e4nkung bearbeiten, kopieren, ver\u00f6ffentlichen, verbreiten, \u00fcbersetzen und auf andere Weise in einem beliebigen Medium verwenden d\u00fcrfen. Wir sind nicht verpflichtet, (1) Kommentare vertraulich zu behandeln, (2) eine Verg\u00fctung f\u00fcr Kommentare zu zahlen oder (3) auf Kommentare zu antworten.<\/p>\n<p>Wir sind berechtigt, aber nicht verpflichtet, Inhalte zu \u00fcberwachen, zu bearbeiten oder zu entfernen, die nach unserem alleinigen Ermessen ungesetzlich, beleidigend, bedrohlich, verleumderisch, pornografisch, obsz\u00f6n oder anderweitig anst\u00f6\u00dfig sind oder das geistige Eigentum einer Partei oder diese Allgemeinen Gesch\u00e4ftsbedingungen verletzen.<\/p>\n<p>Du erkl\u00e4rst dich damit einverstanden, dass deine Kommentare keine Rechte Dritter verletzen, einschlie\u00dflich Urheber-, Marken-, Datenschutz-, Pers\u00f6nlichkeits- oder andere pers\u00f6nliche oder Eigentumsrechte. Du erkl\u00e4rst dich au\u00dferdem damit einverstanden, dass deine Kommentare kein verleumderisches oder anderweitig rechtswidriges, beleidigendes oder obsz\u00f6nes Material sowie keine Computerviren oder andere Malware enthalten, die den Betrieb des Dienstes oder einer damit verbundenen Website in irgendeiner Weise beeintr\u00e4chtigen k\u00f6nnten. Du darfst keine falsche E-Mail-Adresse verwenden, vorgeben, jemand anderes als du selbst zu sein, oder uns oder Dritte in Bezug auf die Herkunft eines Kommentars in die Irre f\u00fchren. Du tr\u00e4gst die alleinige Verantwortung f\u00fcr die von dir abgegebenen Kommentare und deren Richtigkeit. Wir \u00fcbernehmen keine Verantwortung und Haftung f\u00fcr Kommentare, die von dir oder Dritten gepostet werden.<\/p>\n<h2>Pers\u00f6nliche Informationen<\/h2>\n<p>Die \u00dcbermittlung deiner pers\u00f6nlichen Daten \u00fcber den Laden unterliegt unseren Datenschutzrichtlinien. Hier kannst du unsere Datenschutzrichtlinie einsehen.<\/p>\n<h2>Irrt\u00fcmer, Ungenauigkeiten und Auslassungen<\/h2>\n<p>Gelegentlich kann es vorkommen, dass Informationen auf unserer Website oder im Service Tippfehler, Ungenauigkeiten oder Auslassungen enthalten, die sich auf Produktbeschreibungen, Preise, Werbeaktionen, Angebote, Versandgeb\u00fchren, Laufzeiten und Verf\u00fcgbarkeit beziehen. Wir behalten uns das Recht vor, Fehler, Ungenauigkeiten oder Auslassungen zu korrigieren und Informationen zu \u00e4ndern oder zu aktualisieren oder Bestellungen zu stornieren, wenn Informationen im Service oder auf einer zugeh\u00f6rigen Website ungenau sind, und zwar jederzeit und ohne vorherige Ank\u00fcndigung (auch nachdem du deine Bestellung aufgegeben hast).<\/p>\n<p>Wir sind nicht verpflichtet, Informationen im Service oder auf einer zugeh\u00f6rigen Website zu aktualisieren, zu \u00e4ndern oder zu verdeutlichen, einschlie\u00dflich, aber nicht beschr\u00e4nkt auf Preisinformationen, es sei denn, dies ist gesetzlich vorgeschrieben. Kein im Dienst oder auf einer zugeh\u00f6rigen Website angegebenes Aktualisierungs- oder Auffrischungsdatum sollte als Hinweis darauf verstanden werden, dass alle Informationen im Dienst oder auf einer zugeh\u00f6rigen Website ge\u00e4ndert oder aktualisiert wurden.<\/p>\n<h2>Verbotene Verwendungen<\/h2>\n<p>Zus\u00e4tzlich zu anderen Verboten, die in den Allgemeinen Gesch\u00e4ftsbedingungen dargelegt sind, ist es dir untersagt, die Seite oder ihren Inhalt zu nutzen: (a) f\u00fcr rechtswidrige Zwecke; (b) um andere zu rechtswidrigen Handlungen aufzufordern; (c) um gegen internationale, bundesstaatliche, provinzielle oder staatliche Vorschriften, Regeln, Gesetze oder \u00f6rtliche Verordnungen zu versto\u00dfen; (d) um unsere geistigen Eigentumsrechte oder die geistigen Eigentumsrechte anderer zu verletzen; (e) zu bel\u00e4stigen, zu missbrauchen, zu beleidigen, zu verletzen, zu diffamieren, zu verleumden, zu verunglimpfen, einzusch\u00fcchtern oder aufgrund von Geschlecht, sexueller Orientierung, Religion, ethnischer Zugeh\u00f6rigkeit, Rasse, Alter, nationaler Herkunft oder Behinderung zu diskriminieren; (f) falsche oder irref\u00fchrende Informationen zu \u00fcbermitteln; (g) Viren oder andere Arten von b\u00f6sartigem Code hochzuladen oder zu \u00fcbertragen, die die Funktionalit\u00e4t oder den Betrieb des Dienstes oder einer damit verbundenen Website, anderer Websites oder des Internets beeintr\u00e4chtigen; (h) die pers\u00f6nlichen Daten anderer zu sammeln oder zu verfolgen; (i) zum Spammen, Phishing, Pharming, Spidern, Crawlen oder Scrapen; (j) f\u00fcr obsz\u00f6ne oder unmoralische Zwecke; oder (k) um die Sicherheitsfunktionen des Dienstes oder einer zugeh\u00f6rigen Website, anderer Websites oder des Internets zu beeintr\u00e4chtigen oder zu umgehen. Wir behalten uns das Recht vor, deine Nutzung des Dienstes oder einer zugeh\u00f6rigen Website zu beenden, wenn du gegen eine der verbotenen Nutzungsarten verst\u00f6\u00dft.<\/p>\n<h2>Gew\u00e4hrleistungsausschluss; Haftungsbeschr\u00e4nkung<\/h2>\n<p>Wir \u00fcbernehmen keine Garantie, Zusicherung oder Gew\u00e4hrleistung daf\u00fcr, dass die Nutzung unseres Dienstes ohne Unterbrechungen, zeitgerecht, sicher oder fehlerfrei erfolgt.<\/p>\n<p>Wir garantieren nicht, dass die Ergebnisse, die durch die Nutzung des Dienstes erzielt werden k\u00f6nnen, genau oder zuverl\u00e4ssig sind.<\/p>\n<p>Du erkl\u00e4rst dich damit einverstanden, dass wir den Dienst von Zeit zu Zeit auf unbestimmte Zeit entfernen oder den Dienst jederzeit ohne Vorank\u00fcndigung einstellen k\u00f6nnen.<\/p>\n<p>Du erkl\u00e4rst dich ausdr\u00fccklich damit einverstanden, dass die Nutzung des Dienstes bzw. die Unf\u00e4higkeit zur Nutzung des Dienstes auf dein eigenes Risiko erfolgt. Der Dienst und alle Produkte und Dienstleistungen, die dir \u00fcber den Dienst zur Verf\u00fcgung gestellt werden, werden (sofern nicht ausdr\u00fccklich von uns angegeben) \"wie besehen\" und \"wie verf\u00fcgbar\" f\u00fcr deine Nutzung bereitgestellt, ohne jegliche Zusicherungen, Garantien oder Bedingungen jeglicher Art, weder ausdr\u00fccklich noch stillschweigend, einschlie\u00dflich aller stillschweigenden Garantien oder Bedingungen der Marktg\u00e4ngigkeit, der handels\u00fcblichen Qualit\u00e4t, der Eignung f\u00fcr einen bestimmten Zweck, der Haltbarkeit, des Eigentums und der Nichtverletzung von Rechten.<\/p>\n<p>In keinem Fall sind DGEXP, unsere Direktoren, leitenden Angestellten, Mitarbeiter, Tochtergesellschaften, Vertreter, Auftragnehmer, Praktikanten, Lieferanten, Dienstleister oder Lizenzgeber haftbar f\u00fcr Verletzungen, Verluste, Anspr\u00fcche oder direkte, indirekte, zuf\u00e4llige, strafende, besondere oder Folgesch\u00e4den jeglicher Art, einschlie\u00dflich, aber nicht beschr\u00e4nkt auf entgangene Gewinne, entgangene Einnahmen, entgangene Einsparungen, Datenverluste, Wiederbeschaffungskosten oder \u00e4hnliche Sch\u00e4den, unabh\u00e4ngig davon, ob diese auf einem Vertrag, einer unerlaubten Handlung (einschlie\u00dflich Fahrl\u00e4ssigkeit) beruhen, (einschlie\u00dflich Fahrl\u00e4ssigkeit), verschuldensunabh\u00e4ngiger Haftung oder anderweitig, die sich aus der Nutzung des Dienstes oder von Produkten ergeben, die \u00fcber den Dienst beschafft wurden, oder aus anderen Anspr\u00fcchen, die in irgendeiner Weise mit der Nutzung des Dienstes oder eines Produkts in Verbindung stehen, einschlie\u00dflich, aber nicht beschr\u00e4nkt auf Fehler oder Auslassungen in Inhalten oder Verluste oder Sch\u00e4den jeglicher Art, die sich aus der Nutzung des Dienstes oder von Inhalten (oder Produkten) ergeben, die \u00fcber den Dienst ver\u00f6ffentlicht, \u00fcbertragen oder anderweitig zur Verf\u00fcgung gestellt wurden, selbst wenn auf deren M\u00f6glichkeit hingewiesen wurde. Da einige Staaten oder Gerichtsbarkeiten den Ausschluss oder die Beschr\u00e4nkung der Haftung f\u00fcr Folgesch\u00e4den oder beil\u00e4ufig entstandene Sch\u00e4den nicht zulassen, ist unsere Haftung in diesen Staaten oder Gerichtsbarkeiten auf das gesetzlich zul\u00e4ssige H\u00f6chstma\u00df beschr\u00e4nkt.<\/p>\n<h2>Entsch\u00e4digung<\/h2>\n<p>Du erkl\u00e4rst dich damit einverstanden, DGEXP und unsere Muttergesellschaft, Tochtergesellschaften, verbundenen Unternehmen, Partner, leitenden Angestellten, Direktoren, Agenten, Auftragnehmer, Lizenzgeber, Dienstleister, Unterauftragnehmer, Lieferanten, Praktikanten und Mitarbeiter zu entsch\u00e4digen, zu verteidigen und schadlos zu halten von jeglichen Anspr\u00fcchen oder Forderungen, einschlie\u00dflich angemessener Anwaltskosten, die von Dritten aufgrund von Verst\u00f6\u00dfen gegen diese Allgemeinen Gesch\u00e4ftsbedingungen oder die Dokumente, auf die sie Bezug nehmen, oder aufgrund von Verst\u00f6\u00dfen gegen ein Gesetz oder die Rechte Dritter erhoben werden.<\/p>\n<h2>Trennbarkeit<\/h2>\n<p>Sollte eine Bestimmung dieser Allgemeinen Gesch\u00e4ftsbedingungen als rechtswidrig, nichtig oder nicht durchsetzbar befunden werden, so bleibt diese Bestimmung dennoch im gr\u00f6\u00dftm\u00f6glichen gesetzlich zul\u00e4ssigen Umfang durchsetzbar, und der nicht durchsetzbare Teil gilt als von diesen Allgemeinen Gesch\u00e4ftsbedingungen abgetrennt; eine solche Feststellung ber\u00fchrt nicht die G\u00fcltigkeit und Durchsetzbarkeit der \u00fcbrigen Bestimmungen.<\/p>\n<h2>Beendigung<\/h2>\n<p>Die Verpflichtungen und Verbindlichkeiten der Parteien, die vor dem Beendigungsdatum entstanden sind, bleiben f\u00fcr alle Zwecke nach der Beendigung dieser Vereinbarung bestehen.<\/p>\n<p>Diese Gesch\u00e4ftsbedingungen gelten, bis sie entweder von dir oder von uns gek\u00fcndigt werden. Du kannst diese Allgemeinen Gesch\u00e4ftsbedingungen jederzeit k\u00fcndigen, indem du uns mitteilst, dass du unsere Dienste nicht mehr nutzen m\u00f6chtest, oder wenn du die Nutzung unserer Website einstellst.<\/p>\n<p>Wenn du nach unserem alleinigen Ermessen eine Bedingung oder Bestimmung dieser Allgemeinen Gesch\u00e4ftsbedingungen nicht einh\u00e4ltst oder wir den Verdacht haben, dass du sie nicht einh\u00e4ltst, k\u00f6nnen wir diese Vereinbarung auch jederzeit fristlos k\u00fcndigen, und du bleibst f\u00fcr alle bis zum K\u00fcndigungsdatum f\u00e4lligen Betr\u00e4ge haftbar; und\/oder wir k\u00f6nnen dir dementsprechend den Zugang zu unseren Diensten (oder einem Teil davon) verweigern.<\/p>\n<h2>Gesamte Vereinbarung<\/h2>\n<p>Das Vers\u00e4umnis unsererseits, ein Recht oder eine Bestimmung dieser Gesch\u00e4ftsbedingungen auszu\u00fcben oder durchzusetzen, stellt keinen Verzicht auf dieses Recht oder diese Bestimmung dar.<\/p>\n<p>Diese Gesch\u00e4ftsbedingungen und alle von uns auf dieser Seite oder in Bezug auf den Dienst ver\u00f6ffentlichten Richtlinien oder Betriebsregeln stellen die gesamte Vereinbarung und \u00dcbereinkunft zwischen dir und uns dar und regeln deine Nutzung des Dienstes und ersetzen alle fr\u00fcheren oder gleichzeitigen Vereinbarungen, Mitteilungen und Vorschl\u00e4ge, ob m\u00fcndlich oder schriftlich, zwischen dir und uns (einschlie\u00dflich, aber nicht beschr\u00e4nkt auf fr\u00fchere Versionen der Gesch\u00e4ftsbedingungen).<\/p>\n<p>Unklarheiten bei der Auslegung dieser Gesch\u00e4ftsbedingungen d\u00fcrfen nicht gegen die Partei ausgelegt werden, die sie verfasst hat.<\/p>\n<h2>Geltendes Recht<\/h2>\n<p>Diese Allgemeinen Gesch\u00e4ftsbedingungen und alle separaten Vereinbarungen, mit denen wir dir Dienstleistungen anbieten, unterliegen den Gesetzen von {Ihrer Adresse} und werden entsprechend ausgelegt.<\/p>\n<h2>\u00c4nderungen der Allgemeinen Gesch\u00e4ftsbedingungen<\/h2>\n<p>Du kannst die aktuellste Version der Allgemeinen Gesch\u00e4ftsbedingungen jederzeit auf dieser Seite einsehen.<\/p>\n<p>Wir behalten uns das Recht vor, nach eigenem Ermessen jeden Teil dieser Gesch\u00e4ftsbedingungen zu aktualisieren, zu \u00e4ndern oder zu ersetzen, indem wir Aktualisierungen und \u00c4nderungen auf unserer Website ver\u00f6ffentlichen. Es liegt in deiner Verantwortung, unsere Website regelm\u00e4\u00dfig auf \u00c4nderungen zu \u00fcberpr\u00fcfen. Wenn du unsere Website oder den Dienst nach der Ver\u00f6ffentlichung von \u00c4nderungen an diesen Gesch\u00e4ftsbedingungen weiterhin nutzt oder darauf zugreifst, erkl\u00e4rst du dich mit diesen \u00c4nderungen einverstanden.<\/p>\n<h2>Kontaktinformationen<\/h2>\n<p>Fragen zu den Allgemeinen Gesch\u00e4ftsbedingungen kannst du uns unter GPDR@DGEXP.de stellen.<\/p>","protected":false},"excerpt":{"rendered":"<p>\u00dcbersicht Diese Website wird von DGEXP betrieben. Auf der gesamten Website beziehen sich die Begriffe \"wir\", \"uns\" und \"unser\" auf DGEXP. DGEXP bietet diese Website, einschlie\u00dflich aller Informationen, Tools und Dienstleistungen, die auf dieser Website verf\u00fcgbar sind, f\u00fcr dich, den Nutzer, unter der Bedingung an, dass du alle hier angegebenen Bedingungen, Konditionen, Richtlinien und Hinweise akzeptierst. Durch den Besuch unserer Website und\/ [...]<\/p>","protected":false},"author":1,"featured_media":0,"parent":39814,"menu_order":0,"comment_status":"closed","ping_status":"closed","template":"","meta":{"_gspb_post_css":"","footnotes":""},"class_list":["post-39825","page","type-page","status-publish","hentry"],"_links":{"self":[{"href":"https:\/\/dgexp.de\/de\/wp-json\/wp\/v2\/pages\/39825","targetHints":{"allow":["GET"]}}],"collection":[{"href":"https:\/\/dgexp.de\/de\/wp-json\/wp\/v2\/pages"}],"about":[{"href":"https:\/\/dgexp.de\/de\/wp-json\/wp\/v2\/types\/page"}],"author":[{"embeddable":true,"href":"https:\/\/dgexp.de\/de\/wp-json\/wp\/v2\/users\/1"}],"replies":[{"embeddable":true,"href":"https:\/\/dgexp.de\/de\/wp-json\/wp\/v2\/comments?post=39825"}],"version-history":[{"count":0,"href":"https:\/\/dgexp.de\/de\/wp-json\/wp\/v2\/pages\/39825\/revisions"}],"up":[{"embeddable":true,"href":"https:\/\/dgexp.de\/de\/wp-json\/wp\/v2\/pages\/39814"}],"wp:attachment":[{"href":"https:\/\/dgexp.de\/de\/wp-json\/wp\/v2\/media?parent=39825"}],"curies":[{"name":"wp","href":"https:\/\/api.w.org\/{rel}","templated":true}]}}