{"id":39824,"date":"2022-12-13T18:53:53","date_gmt":"2022-12-13T18:53:53","guid":{"rendered":"https:\/\/dgexp.de\/privacy-center\/privacy-policy\/"},"modified":"2022-12-13T20:27:39","modified_gmt":"2022-12-13T20:27:39","slug":"datenschutzbestimmungen","status":"publish","type":"page","link":"https:\/\/dgexp.de\/de\/datenschutzzentrum\/datenschutzbestimmungen\/","title":{"rendered":"Datenschutzbestimmungen"},"content":{"rendered":"<h2>Wer wir sind<\/h2>\n<p>Unsere Website-Adresse lautet: https:\/\/dgexp.de.<\/p>\n<h2>Welche pers\u00f6nlichen Daten wir sammeln und warum wir sie sammeln<\/h2>\n<h3>Kommentare<\/h3>\n<p>Wenn Besucher\/innen Kommentare auf der Website hinterlassen, erfassen wir die im Kommentarformular angezeigten Daten sowie die IP-Adresse und den User-Agent-String des\/der Besucher\/in, um die Spam-Erkennung zu unterst\u00fctzen.<\/p>\n<p>Eine anonymisierte Zeichenfolge, die aus deiner E-Mail-Adresse erstellt wird (auch Hash genannt), kann dem Gravatar-Dienst zur Verf\u00fcgung gestellt werden, um zu sehen, ob du ihn verwendest. Die Datenschutzrichtlinien des Gravatar-Dienstes findest du hier: https:\/\/automattic.com\/privacy\/. Nach der Genehmigung deines Kommentars ist dein Profilbild im Kontext deines Kommentars \u00f6ffentlich sichtbar.<\/p>\n<h3>Medien<\/h3>\n<p>Wenn du Bilder auf die Website hochl\u00e4dst, solltest du es vermeiden, Bilder hochzuladen, die eingebettete Standortdaten (EXIF-GPS) enthalten. Die Besucher der Website k\u00f6nnen alle Standortdaten von den Bildern auf der Website herunterladen und extrahieren.<\/p>\n<h3>Kontaktformulare<\/h3>\n<h3>Cookies<\/h3>\n<p>Wenn du einen Kommentar auf unserer Website hinterl\u00e4sst, kannst du zustimmen, dass dein Name, deine E-Mail-Adresse und deine Website in Cookies gespeichert werden. Diese dienen deinem Komfort, damit du deine Daten nicht erneut eingeben musst, wenn du einen weiteren Kommentar hinterl\u00e4sst. Diese Cookies sind ein Jahr lang g\u00fcltig.<\/p>\n<p>Wenn du ein Konto hast und dich auf dieser Seite einloggst, setzen wir ein tempor\u00e4res Cookie, um festzustellen, ob dein Browser Cookies akzeptiert. Dieses Cookie enth\u00e4lt keine pers\u00f6nlichen Daten und wird verworfen, wenn du deinen Browser schlie\u00dft.<\/p>\n<p>Wenn du dich anmeldest, setzen wir au\u00dferdem mehrere Cookies, um deine Anmeldeinformationen und deine Bildschirmauswahl zu speichern. Die Anmelde-Cookies bleiben zwei Tage lang gespeichert, die Cookies f\u00fcr die Bildschirmoptionen ein Jahr lang. Wenn du \"Remember Me\" ausw\u00e4hlst, bleibt dein Login zwei Wochen lang erhalten. Wenn du dich von deinem Konto abmeldest, werden die Anmelde-Cookies gel\u00f6scht.<\/p>\n<p>Wenn du einen Artikel bearbeitest oder ver\u00f6ffentlichst, wird ein zus\u00e4tzliches Cookie in deinem Browser gespeichert. Dieses Cookie enth\u00e4lt keine pers\u00f6nlichen Daten und zeigt lediglich die Post-ID des Artikels an, den du gerade bearbeitet hast. Er l\u00e4uft nach 1 Tag ab.<\/p>\n<h3>Eingebettete Inhalte von anderen Websites<\/h3>\n<p>Die Artikel auf dieser Website k\u00f6nnen eingebettete Inhalte enthalten (z. B. Videos, Bilder, Artikel usw.). Eingebettete Inhalte von anderen Websites verhalten sich genau so, als ob der Besucher die andere Website besucht h\u00e4tte.<\/p>\n<p>Diese Websites k\u00f6nnen Daten \u00fcber dich sammeln, Cookies verwenden, zus\u00e4tzliche Trackingfunktionen von Dritten einbetten und deine Interaktion mit diesen eingebetteten Inhalten \u00fcberwachen, einschlie\u00dflich der Nachverfolgung deiner Interaktion mit den eingebetteten Inhalten, wenn du ein Konto hast und auf dieser Website eingeloggt bist.<\/p>\n<h3>Analytik<\/h3>\n<h2>Mit wem wir deine Daten teilen<\/h2>\n<p>Unsere Website benutzt Google Analytics, einen Webanalysedienst der Google Inc. (\"Google\"). Google Analytics verwendet Cookies, das sind kleine Textdateien, die auf deinem Computer gespeichert werden, um Informationen \u00fcber deine Nutzung unserer Website zu sammeln und zu analysieren. Zu diesen Informationen geh\u00f6ren deine IP-Adresse, der Browsertyp und die Sprache, das Datum und die Uhrzeit deines Besuchs, die Seiten, die du dir auf unserer Website ansiehst, und die verweisende Website, falls vorhanden.<\/p>\n<p>Wir nutzen die von Google Analytics gesammelten Informationen, um unsere Website zu verbessern und dir einen besseren Service zu bieten. Wir geben deine pers\u00f6nlichen Daten nicht an Google weiter, es sei denn, dies ist notwendig, um gesetzliche Verpflichtungen zu erf\u00fcllen.<\/p>\n<p>Du kannst dich von Google Analytics abmelden, indem du das Google Analytics Opt-Out Browser Add-on installierst, das du unter <a href=\"https:\/\/tools.google.com\/dlpage\/gaoptout\" target=\"_new\" rel=\"noopener nofollow\">https:\/\/tools.google.com\/dlpage\/gaoptout<\/a>. Dadurch wird verhindert, dass Google Informationen \u00fcber deine Nutzung unserer Website sammelt.<\/p>\n<h2>Wie lange wir deine Daten aufbewahren<\/h2>\n<p>Wenn du einen Kommentar hinterl\u00e4sst, werden der Kommentar und seine Metadaten auf unbestimmte Zeit gespeichert. So k\u00f6nnen wir Folgekommentare automatisch erkennen und genehmigen, anstatt sie in einer Moderationswarteschlange zu halten.<\/p>\n<p>F\u00fcr Nutzer\/innen, die sich auf unserer Website registrieren (falls vorhanden), speichern wir auch die pers\u00f6nlichen Daten, die sie in ihrem Nutzerprofil angeben. Alle Nutzer\/innen k\u00f6nnen ihre pers\u00f6nlichen Daten jederzeit einsehen, bearbeiten oder l\u00f6schen (sie k\u00f6nnen jedoch nicht ihren Benutzernamen \u00e4ndern). Auch die Administratoren der Website k\u00f6nnen diese Informationen einsehen und bearbeiten.<\/p>\n<h2>Welche Rechte du \u00fcber deine Daten hast<\/h2>\n<p>Wenn du ein Konto auf dieser Website hast oder Kommentare hinterlassen hast, kannst du eine exportierte Datei der personenbezogenen Daten anfordern, die wir \u00fcber dich gespeichert haben, einschlie\u00dflich aller Daten, die du uns zur Verf\u00fcgung gestellt hast. Du kannst auch verlangen, dass wir alle personenbezogenen Daten, die wir \u00fcber dich gespeichert haben, l\u00f6schen. Davon ausgenommen sind Daten, die wir aus verwaltungstechnischen, rechtlichen oder sicherheitsrelevanten Gr\u00fcnden aufbewahren m\u00fcssen.<\/p>\n<h2>Wohin wir deine Daten senden<\/h2>\n<p>Besucherkommentare k\u00f6nnen durch einen automatischen Spam-Erkennungsdienst \u00fcberpr\u00fcft werden.<\/p>\n<h2>Deine Kontaktinformationen<\/h2>\n<p>E-Mail: Admin@DGEXP.de<\/p>\n<h2>Zus\u00e4tzliche Informationen<\/h2>\n<h3>Wie wir deine Daten sch\u00fctzen<\/h3>\n<p>DGEXP ergreift angemessene Ma\u00dfnahmen, um Benutzerinformationen zu sch\u00fctzen und den unbefugten Zugriff auf oder den Missbrauch von pers\u00f6nlichen Daten zu verhindern. Zu diesen Ma\u00dfnahmen kann der Einsatz von Verschl\u00fcsselungstechnologie und sicheren Servern geh\u00f6ren. Es kann jedoch nicht garantiert werden, dass die Daten\u00fcbertragung \u00fcber das Internet 100% sicher ist, und die Website kann die Sicherheit der an die Website \u00fcbermittelten Daten nicht gew\u00e4hrleisten oder garantieren.<\/p>\n<h3>Welche Verfahren bei Datenschutzverletzungen wir haben<\/h3>\n<p>Im Falle eines Datenschutzversto\u00dfes wird die Website die betroffenen Nutzer\/innen umgehend benachrichtigen und geeignete Ma\u00dfnahmen ergreifen, um ihre pers\u00f6nlichen Daten zu sch\u00fctzen. Die Website benachrichtigt auch alle zust\u00e4ndigen Beh\u00f6rden, wie es das Gesetz verlangt.<\/p>\n<h3>Von welchen Drittparteien wir Daten erhalten<\/h3>\n<p>Die Website kann Daten von Drittanbietern erhalten, z. B. von Analyseanbietern und Social-Media-Plattformen. Diese Daten k\u00f6nnen verwendet werden, um die Benutzerfreundlichkeit der Website zu verbessern und Inhalte und Werbung zu personalisieren.<\/p>\n<h3>Welche automatisierte Entscheidungsfindung und\/oder Profilerstellung wir mit Nutzerdaten durchf\u00fchren<\/h3>\n<p>Die Website kann automatisierte Entscheidungsfindung und Profilerstellung nutzen, um das Nutzererlebnis zu personalisieren und die Inhalte und Werbung der Website zu verbessern. Die Website kann zum Beispiel Nutzerdaten verwenden, um Inhalte oder Werbung zu empfehlen, die f\u00fcr den Nutzer mit gr\u00f6\u00dferer Wahrscheinlichkeit von Interesse sind.<\/p>\n<h3>Regulatorische Offenlegungspflichten der Industrie<\/h3>\n<p>Die Website erf\u00fcllt alle geltenden gesetzlichen Offenlegungspflichten der Branche. Wenn du Fragen zur Einhaltung dieser Vorschriften auf der Website hast, z\u00f6gere nicht, dich mit uns in Verbindung zu setzen: GPDR@DGEXP.de<\/p>","protected":false},"excerpt":{"rendered":"<p>Wer wir sind Unsere Website-Adresse lautet: https:\/\/dgexp.de. Welche pers\u00f6nlichen Daten wir sammeln und warum wir sie sammeln Kommentare Wenn Besucher\/innen Kommentare auf der Website hinterlassen, sammeln wir die im Kommentarformular angezeigten Daten sowie die IP-Adresse und den User-Agent-String des\/der Besucher\/in, um die Spam-Erkennung zu erleichtern. Eine anonymisierte Zeichenfolge, die aus deinen [...]<\/p>","protected":false},"author":1,"featured_media":0,"parent":39814,"menu_order":0,"comment_status":"closed","ping_status":"closed","template":"","meta":{"_gspb_post_css":"","footnotes":""},"class_list":["post-39824","page","type-page","status-publish","hentry"],"_links":{"self":[{"href":"https:\/\/dgexp.de\/de\/wp-json\/wp\/v2\/pages\/39824","targetHints":{"allow":["GET"]}}],"collection":[{"href":"https:\/\/dgexp.de\/de\/wp-json\/wp\/v2\/pages"}],"about":[{"href":"https:\/\/dgexp.de\/de\/wp-json\/wp\/v2\/types\/page"}],"author":[{"embeddable":true,"href":"https:\/\/dgexp.de\/de\/wp-json\/wp\/v2\/users\/1"}],"replies":[{"embeddable":true,"href":"https:\/\/dgexp.de\/de\/wp-json\/wp\/v2\/comments?post=39824"}],"version-history":[{"count":0,"href":"https:\/\/dgexp.de\/de\/wp-json\/wp\/v2\/pages\/39824\/revisions"}],"up":[{"embeddable":true,"href":"https:\/\/dgexp.de\/de\/wp-json\/wp\/v2\/pages\/39814"}],"wp:attachment":[{"href":"https:\/\/dgexp.de\/de\/wp-json\/wp\/v2\/media?parent=39824"}],"curies":[{"name":"wp","href":"https:\/\/api.w.org\/{rel}","templated":true}]}}