{"id":39819,"date":"2022-12-13T18:53:53","date_gmt":"2022-12-13T18:53:53","guid":{"rendered":"https:\/\/dgexp.de\/privacy-center\/disclaimer\/"},"modified":"2022-12-14T19:32:41","modified_gmt":"2022-12-14T19:32:41","slug":"haftungsausschluss","status":"publish","type":"page","link":"https:\/\/dgexp.de\/de\/datenschutzzentrum\/haftungsausschluss\/","title":{"rendered":"Haftungsausschluss"},"content":{"rendered":"<p>Wenn du weitere Informationen ben\u00f6tigst oder Fragen zum Haftungsausschluss auf unserer Website hast, kannst du uns gerne per E-Mail unter GPDR@DGEXP.de kontaktieren.<\/p>\n<h2>Haftungsausschl\u00fcsse f\u00fcr DGEXP<\/h2>\n<p>Alle Informationen auf dieser Website - https:\/\/dgexp.de - werden nach bestem Wissen und Gewissen und nur zu allgemeinen Informationszwecken ver\u00f6ffentlicht. DGEXP \u00fcbernimmt keine Gew\u00e4hr f\u00fcr die Vollst\u00e4ndigkeit, Zuverl\u00e4ssigkeit und Richtigkeit dieser Informationen. Jede Handlung, die du aufgrund der Informationen auf dieser Website (Saudi Luxury) vornimmst, geschieht ausschlie\u00dflich auf dein eigenes Risiko. DGEXP haftet nicht f\u00fcr Verluste und\/oder Sch\u00e4den im Zusammenhang mit der Nutzung unserer Website.<\/p>\n<p>Von unserer Website aus kannst du andere Websites besuchen, indem du Hyperlinks zu solchen externen Websites folgst. Obwohl wir uns bem\u00fchen, nur qualitativ hochwertige Links zu n\u00fctzlichen und ethischen Websites anzubieten, haben wir keine Kontrolle \u00fcber den Inhalt und die Art dieser Websites. Diese Links zu anderen Websites stellen keine Empfehlung f\u00fcr den gesamten Inhalt dieser Websites dar. Die Eigent\u00fcmer und Inhalte der Websites k\u00f6nnen sich ohne Vorank\u00fcndigung \u00e4ndern, und zwar bevor wir die M\u00f6glichkeit haben, einen Link zu entfernen, der \"schlecht\" geworden ist.<\/p>\n<p>Wenn du unsere Website verl\u00e4sst, beachte bitte auch, dass andere Websites m\u00f6glicherweise andere Datenschutzrichtlinien und -bedingungen haben, auf die wir keinen Einfluss haben. Bitte informiere dich \u00fcber die Datenschutzrichtlinien dieser Websites sowie \u00fcber deren \"Nutzungsbedingungen\", bevor du Gesch\u00e4fte machst oder Informationen hochl\u00e4dst.<\/p>\n<h2>Zustimmen<\/h2>\n<p>Durch die Nutzung unserer Website erkl\u00e4rst du dich mit unserem Haftungsausschluss einverstanden und stimmst seinen Bedingungen zu.<\/p>\n<h2>Update<\/h2>\n<p>Sollten wir dieses Dokument aktualisieren, erg\u00e4nzen oder \u00e4ndern, werden diese \u00c4nderungen an dieser Stelle deutlich sichtbar ver\u00f6ffentlicht.<\/p>","protected":false},"excerpt":{"rendered":"<p>Wenn du weitere Informationen ben\u00f6tigst oder Fragen zum Haftungsausschluss auf unserer Website hast, kannst du uns gerne per E-Mail unter GPDR@DGEXP.de kontaktieren. Haftungsausschluss f\u00fcr DGEXP Alle Informationen auf dieser Website - https:\/\/dgexp.de - werden nach bestem Wissen und Gewissen und nur zu allgemeinen Informationszwecken ver\u00f6ffentlicht. DGEXP gibt keine Garantien \u00fcber die [...]<\/p>","protected":false},"author":1,"featured_media":0,"parent":39814,"menu_order":0,"comment_status":"closed","ping_status":"closed","template":"","meta":{"_gspb_post_css":"","footnotes":""},"class_list":["post-39819","page","type-page","status-publish","hentry"],"_links":{"self":[{"href":"https:\/\/dgexp.de\/de\/wp-json\/wp\/v2\/pages\/39819","targetHints":{"allow":["GET"]}}],"collection":[{"href":"https:\/\/dgexp.de\/de\/wp-json\/wp\/v2\/pages"}],"about":[{"href":"https:\/\/dgexp.de\/de\/wp-json\/wp\/v2\/types\/page"}],"author":[{"embeddable":true,"href":"https:\/\/dgexp.de\/de\/wp-json\/wp\/v2\/users\/1"}],"replies":[{"embeddable":true,"href":"https:\/\/dgexp.de\/de\/wp-json\/wp\/v2\/comments?post=39819"}],"version-history":[{"count":0,"href":"https:\/\/dgexp.de\/de\/wp-json\/wp\/v2\/pages\/39819\/revisions"}],"up":[{"embeddable":true,"href":"https:\/\/dgexp.de\/de\/wp-json\/wp\/v2\/pages\/39814"}],"wp:attachment":[{"href":"https:\/\/dgexp.de\/de\/wp-json\/wp\/v2\/media?parent=39819"}],"curies":[{"name":"wp","href":"https:\/\/api.w.org\/{rel}","templated":true}]}}