{"id":39816,"date":"2022-12-13T18:53:53","date_gmt":"2022-12-13T18:53:53","guid":{"rendered":"https:\/\/dgexp.de\/privacy-center\/cookie-policy\/"},"modified":"2022-12-13T18:53:53","modified_gmt":"2022-12-13T18:53:53","slug":"cookie-richtlinie","status":"publish","type":"page","link":"https:\/\/dgexp.de\/de\/datenschutzzentrum\/cookie-richtlinie\/","title":{"rendered":"Cookie-Richtlinie"},"content":{"rendered":"<h2>Was ist ein Cookie?<\/h2>\n<p>Cookies sind kleine Textdateien, die von der besuchten Website erstellt werden und Daten enthalten. Sie werden auf dem Computer des Besuchers\/der Besucherin gespeichert, um ihm\/ihr den Zugang zu verschiedenen Funktionen zu erm\u00f6glichen. Auf dieser Website (der \"Website\") werden sowohl Sitzungscookies als auch Nicht-Sitzungscookies verwendet. Ein Sitzungscookie wird vor\u00fcbergehend im Speicher des Computers gespeichert, w\u00e4hrend der Besucher auf der Website surft. Dieses Cookie wird gel\u00f6scht, wenn der\/die Nutzer\/in seinen\/ihren Webbrowser schlie\u00dft oder wenn eine bestimmte Zeit verstrichen ist (d.h. die Sitzung abgelaufen ist). Ein Nicht-Session-Cookie verbleibt auf dem Computer des Besuchers, bis er gel\u00f6scht wird.<\/p>\n<h2>Warum verwenden wir Cookies?<\/h2>\n<p>Wir verwenden Cookies, um mehr \u00fcber die Art und Weise zu erfahren, wie Besucher\/innen mit unseren Inhalten interagieren, und um das Erlebnis beim Besuch unserer Website zu verbessern.<\/p>\n<h2>Website-Funktionalit\u00e4t<\/h2>\n<p>Die Teilen-Funktion wird von Besuchern genutzt, um unsere Website und Inhalte in sozialen Netzwerken wie Facebook und Twitter zu empfehlen. Cookies speichern Informationen dar\u00fcber, wie die Besucher\/innen die Teilen-Funktion nutzen - allerdings nicht auf individueller Ebene -, damit die Website verbessert werden kann. Wenn du keine Cookies akzeptierst, werden keine Informationen gespeichert.<\/p>\n<p>F\u00fcr einige Funktionen auf unserer Website nutzen wir Drittanbieter, z. B. wenn du eine Seite mit eingebetteten Videos von oder Links zu YouTube besuchst. Diese Videos oder Links (und alle anderen Inhalte von Drittanbietern) k\u00f6nnen Cookies von Drittanbietern enthalten, und du solltest die Richtlinien dieser Drittanbieter-Websites konsultieren, um Informationen \u00fcber ihre Verwendung von Cookies zu erhalten.<\/p>\n<h2>Cookies, die wir verwenden:<\/h2>\n<p>Diese Website verwendet Google Analytics, das Cookies einsetzt. Auf der aggregierten Ebene speichern Cookies Informationen dar\u00fcber, wie Besucher\/innen die Website nutzen, einschlie\u00dflich der Anzahl der angezeigten Seiten, woher die Besucher\/innen kommen und die Anzahl der Besuche, um die Website zu verbessern und ein gutes Nutzererlebnis zu gew\u00e4hrleisten. Wenn du keine Cookies akzeptierst, werden keine Informationen gespeichert.<\/p>\n<h2>Wie kann ich Cookies ablehnen?<\/h2>\n<p>Wir verwenden keine Cookies, um pers\u00f6nlich identifizierbare Informationen \u00fcber einen Besucher zu sammeln.<\/p>\n<p>Du kannst jedoch die von {IhrerWebsite} gesetzten Cookies ablehnen oder blockieren, indem du die Einstellungen deines Browsers \u00e4nderst - weitere Informationen findest du in der Hilfefunktion deines Browsers. Bitte beachte, dass die meisten Browser Cookies automatisch akzeptieren. Wenn du also nicht m\u00f6chtest, dass Cookies verwendet werden, musst du sie m\u00f6glicherweise aktiv l\u00f6schen oder blockieren.<\/p>\n<p>Informationen \u00fcber die Verwendung von Cookies in Handy-Browsern und dar\u00fcber, wie du solche Cookies ablehnen oder l\u00f6schen kannst, findest du im Handbuch deines Mobiltelefons.<\/p>","protected":false},"excerpt":{"rendered":"<p>Was ist ein Cookie? Cookies sind kleine Textdateien, die von der besuchten Website erstellt werden und Daten enthalten. Sie werden auf dem Computer des Besuchers gespeichert, um dem Nutzer Zugang zu verschiedenen Funktionen zu erm\u00f6glichen. Auf dieser Website (der \"Website\") werden sowohl Sitzungscookies als auch Nicht-Sitzungscookies verwendet. Ein Session-Cookie wird vor\u00fcbergehend im Speicher des Computers gespeichert [...]<\/p>","protected":false},"author":1,"featured_media":0,"parent":39814,"menu_order":0,"comment_status":"closed","ping_status":"closed","template":"","meta":{"_gspb_post_css":"","footnotes":""},"class_list":["post-39816","page","type-page","status-publish","hentry"],"_links":{"self":[{"href":"https:\/\/dgexp.de\/de\/wp-json\/wp\/v2\/pages\/39816","targetHints":{"allow":["GET"]}}],"collection":[{"href":"https:\/\/dgexp.de\/de\/wp-json\/wp\/v2\/pages"}],"about":[{"href":"https:\/\/dgexp.de\/de\/wp-json\/wp\/v2\/types\/page"}],"author":[{"embeddable":true,"href":"https:\/\/dgexp.de\/de\/wp-json\/wp\/v2\/users\/1"}],"replies":[{"embeddable":true,"href":"https:\/\/dgexp.de\/de\/wp-json\/wp\/v2\/comments?post=39816"}],"version-history":[{"count":0,"href":"https:\/\/dgexp.de\/de\/wp-json\/wp\/v2\/pages\/39816\/revisions"}],"up":[{"embeddable":true,"href":"https:\/\/dgexp.de\/de\/wp-json\/wp\/v2\/pages\/39814"}],"wp:attachment":[{"href":"https:\/\/dgexp.de\/de\/wp-json\/wp\/v2\/media?parent=39816"}],"curies":[{"name":"wp","href":"https:\/\/api.w.org\/{rel}","templated":true}]}}